{"id":301,"date":"2018-05-05T19:05:42","date_gmt":"2018-05-05T16:05:42","guid":{"rendered":"http:\/\/turknotik.com\/en\/?page_id=301"},"modified":"2018-05-29T02:46:34","modified_gmt":"2018-05-28T23:46:34","slug":"commercial","status":"publish","type":"page","link":"https:\/\/turknotik.com\/en\/commercial\/","title":{"rendered":"Commercial"},"content":{"rendered":"<div id=\"portfolio-881444906\" class=\"portfolio-element-wrapper has-filtering\">\n  \n    <div class=\"row large-columns-4 medium-columns- small-columns-2 row-collapse row-full-width\">\n              <div class=\"col\" data-id=\"___\" >\n          <div class=\"col-inner\" >\n          <a href=\"https:\/\/turknotik.com\/en\/desings\/commercial\/sea-taxi-express-35\/\" class=\"plain \">\n          <div class=\"portfolio-box box has-hover box-overlay dark\">\n            <div class=\"box-image\">\n                <div class=\"image-overlay-remove image-cover\"style=\"padding-top:56.25%;\">\n                <img loading=\"lazy\" decoding=\"async\" width=\"800\" height=\"500\" src=\"https:\/\/turknotik.com\/en\/wp-content\/uploads\/2018\/05\/sea-taxi-express-35-01.jpg\" class=\"attachment-large size-large\" alt=\"\" srcset=\"https:\/\/turknotik.com\/en\/wp-content\/uploads\/2018\/05\/sea-taxi-express-35-01.jpg 800w, https:\/\/turknotik.com\/en\/wp-content\/uploads\/2018\/05\/sea-taxi-express-35-01-300x188.jpg 300w, https:\/\/turknotik.com\/en\/wp-content\/uploads\/2018\/05\/sea-taxi-express-35-01-768x480.jpg 768w\" sizes=\"auto, (max-width: 800px) 100vw, 800px\" \/>                <div class=\"overlay\" style=\"background-color:rgba(212, 235, 217, 0.77)\"><\/div>                                <\/div>\n            <\/div><!-- box-image -->\n            <div class=\"box-text text-center is-small\">\n                  <div class=\"box-text-inner\">\n                      <h6 class=\"uppercase portfolio-box-title\">Sea Tax\u0131 Express 35<\/h6>\n                      <p class=\"uppercase portfolio-box-category is-xsmall op-6\">\n                        <span class=\"show-on-hover\">\n                         ___                        <\/span>\n                      <\/p>\n                  <\/div><!-- box-text-inner -->\n            <\/div><!-- box-text -->\n           <\/div><!-- .box  -->\n           <\/a>\n           <\/div><!-- .col-inner -->\n           <\/div><!-- .col -->\n                    <div class=\"col\" data-id=\"___\" >\n          <div class=\"col-inner\" >\n          <a href=\"https:\/\/turknotik.com\/en\/desings\/commercial\/sea-taxi-21\/\" class=\"plain \">\n          <div class=\"portfolio-box box has-hover box-overlay dark\">\n            <div class=\"box-image\">\n                <div class=\"image-overlay-remove image-cover\"style=\"padding-top:56.25%;\">\n                <img loading=\"lazy\" decoding=\"async\" width=\"800\" height=\"569\" src=\"https:\/\/turknotik.com\/en\/wp-content\/uploads\/2018\/09\/sea-taxi-2_454.jpg\" class=\"attachment-large size-large\" alt=\"\" srcset=\"https:\/\/turknotik.com\/en\/wp-content\/uploads\/2018\/09\/sea-taxi-2_454.jpg 800w, https:\/\/turknotik.com\/en\/wp-content\/uploads\/2018\/09\/sea-taxi-2_454-300x213.jpg 300w, https:\/\/turknotik.com\/en\/wp-content\/uploads\/2018\/09\/sea-taxi-2_454-768x546.jpg 768w\" sizes=\"auto, (max-width: 800px) 100vw, 800px\" \/>                <div class=\"overlay\" style=\"background-color:rgba(212, 235, 217, 0.77)\"><\/div>                                <\/div>\n            <\/div><!-- box-image -->\n            <div class=\"box-text text-center is-small\">\n                  <div class=\"box-text-inner\">\n                      <h6 class=\"uppercase portfolio-box-title\">Sea Tax\u0131 1<\/h6>\n                      <p class=\"uppercase portfolio-box-category is-xsmall op-6\">\n                        <span class=\"show-on-hover\">\n                         ___                        <\/span>\n                      <\/p>\n                  <\/div><!-- box-text-inner -->\n            <\/div><!-- box-text -->\n           <\/div><!-- .box  -->\n           <\/a>\n           <\/div><!-- .col-inner -->\n           <\/div><!-- .col -->\n                    <div class=\"col\" data-id=\"___\" >\n          <div class=\"col-inner\" >\n          <a href=\"https:\/\/turknotik.com\/en\/desings\/commercial\/floating-hotel-kilyos-165\/\" class=\"plain \">\n          <div class=\"portfolio-box box has-hover box-overlay dark\">\n            <div class=\"box-image\">\n                <div class=\"image-overlay-remove image-cover\"style=\"padding-top:56.25%;\">\n                <img loading=\"lazy\" decoding=\"async\" width=\"800\" height=\"500\" src=\"https:\/\/turknotik.com\/en\/wp-content\/uploads\/2018\/05\/floating-hotel-kilyos-165-03.jpg\" class=\"attachment-large size-large\" alt=\"\" srcset=\"https:\/\/turknotik.com\/en\/wp-content\/uploads\/2018\/05\/floating-hotel-kilyos-165-03.jpg 800w, https:\/\/turknotik.com\/en\/wp-content\/uploads\/2018\/05\/floating-hotel-kilyos-165-03-300x188.jpg 300w, https:\/\/turknotik.com\/en\/wp-content\/uploads\/2018\/05\/floating-hotel-kilyos-165-03-768x480.jpg 768w\" sizes=\"auto, (max-width: 800px) 100vw, 800px\" \/>                <div class=\"overlay\" style=\"background-color:rgba(212, 235, 217, 0.77)\"><\/div>                                <\/div>\n            <\/div><!-- box-image -->\n            <div class=\"box-text text-center is-small\">\n                  <div class=\"box-text-inner\">\n                      <h6 class=\"uppercase portfolio-box-title\">Float\u0131ng Hotel Kilyos 165<\/h6>\n                      <p class=\"uppercase portfolio-box-category is-xsmall op-6\">\n                        <span class=\"show-on-hover\">\n                         ___                        <\/span>\n                      <\/p>\n                  <\/div><!-- box-text-inner -->\n            <\/div><!-- box-text -->\n           <\/div><!-- .box  -->\n           <\/a>\n           <\/div><!-- .col-inner -->\n           <\/div><!-- .col -->\n                    <div class=\"col\" data-id=\"___\" >\n          <div class=\"col-inner\" >\n          <a href=\"https:\/\/turknotik.com\/en\/desings\/commercial\/sea-ambulance-46\/\" class=\"plain \">\n          <div class=\"portfolio-box box has-hover box-overlay dark\">\n            <div class=\"box-image\">\n                <div class=\"image-overlay-remove image-cover\"style=\"padding-top:56.25%;\">\n                <img loading=\"lazy\" decoding=\"async\" width=\"800\" height=\"500\" src=\"https:\/\/turknotik.com\/en\/wp-content\/uploads\/2018\/07\/sea-ambulance-46-2.jpg\" class=\"attachment-large size-large\" alt=\"\" srcset=\"https:\/\/turknotik.com\/en\/wp-content\/uploads\/2018\/07\/sea-ambulance-46-2.jpg 800w, https:\/\/turknotik.com\/en\/wp-content\/uploads\/2018\/07\/sea-ambulance-46-2-300x188.jpg 300w, https:\/\/turknotik.com\/en\/wp-content\/uploads\/2018\/07\/sea-ambulance-46-2-768x480.jpg 768w\" sizes=\"auto, (max-width: 800px) 100vw, 800px\" \/>                <div class=\"overlay\" style=\"background-color:rgba(212, 235, 217, 0.77)\"><\/div>                                <\/div>\n            <\/div><!-- box-image -->\n            <div class=\"box-text text-center is-small\">\n                  <div class=\"box-text-inner\">\n                      <h6 class=\"uppercase portfolio-box-title\">Sea Ambulance 46<\/h6>\n                      <p class=\"uppercase portfolio-box-category is-xsmall op-6\">\n                        <span class=\"show-on-hover\">\n                         ___                        <\/span>\n                      <\/p>\n                  <\/div><!-- box-text-inner -->\n            <\/div><!-- box-text -->\n           <\/div><!-- .box  -->\n           <\/a>\n           <\/div><!-- .col-inner -->\n           <\/div><!-- .col -->\n                    <div class=\"col\" data-id=\"___\" >\n          <div class=\"col-inner\" >\n          <a href=\"https:\/\/turknotik.com\/en\/desings\/commercial\/sea-taxi-46-4\/\" class=\"plain \">\n          <div class=\"portfolio-box box has-hover box-overlay dark\">\n            <div class=\"box-image\">\n                <div class=\"image-overlay-remove image-cover\"style=\"padding-top:56.25%;\">\n                <img loading=\"lazy\" decoding=\"async\" width=\"800\" height=\"500\" src=\"https:\/\/turknotik.com\/en\/wp-content\/uploads\/2018\/07\/sea-taxi-46-2.jpg\" class=\"attachment-large size-large\" alt=\"\" srcset=\"https:\/\/turknotik.com\/en\/wp-content\/uploads\/2018\/07\/sea-taxi-46-2.jpg 800w, https:\/\/turknotik.com\/en\/wp-content\/uploads\/2018\/07\/sea-taxi-46-2-300x188.jpg 300w, https:\/\/turknotik.com\/en\/wp-content\/uploads\/2018\/07\/sea-taxi-46-2-768x480.jpg 768w\" sizes=\"auto, (max-width: 800px) 100vw, 800px\" \/>                <div class=\"overlay\" style=\"background-color:rgba(212, 235, 217, 0.77)\"><\/div>                                <\/div>\n            <\/div><!-- box-image -->\n            <div class=\"box-text text-center is-small\">\n                  <div class=\"box-text-inner\">\n                      <h6 class=\"uppercase portfolio-box-title\">Sea Tax\u0131 46<\/h6>\n                      <p class=\"uppercase portfolio-box-category is-xsmall op-6\">\n                        <span class=\"show-on-hover\">\n                         ___                        <\/span>\n                      <\/p>\n                  <\/div><!-- box-text-inner -->\n            <\/div><!-- box-text -->\n           <\/div><!-- .box  -->\n           <\/a>\n           <\/div><!-- .col-inner -->\n           <\/div><!-- .col -->\n                    <div class=\"col\" data-id=\"___\" >\n          <div class=\"col-inner\" >\n          <a href=\"https:\/\/turknotik.com\/en\/desings\/commercial\/sea-taxi-34\/\" class=\"plain \">\n          <div class=\"portfolio-box box has-hover box-overlay dark\">\n            <div class=\"box-image\">\n                <div class=\"image-overlay-remove image-cover\"style=\"padding-top:56.25%;\">\n                <img loading=\"lazy\" decoding=\"async\" width=\"800\" height=\"569\" src=\"https:\/\/turknotik.com\/en\/wp-content\/uploads\/2018\/06\/sea-taxi-2_452.jpg\" class=\"attachment-large size-large\" alt=\"\" srcset=\"https:\/\/turknotik.com\/en\/wp-content\/uploads\/2018\/06\/sea-taxi-2_452.jpg 800w, https:\/\/turknotik.com\/en\/wp-content\/uploads\/2018\/06\/sea-taxi-2_452-300x213.jpg 300w, https:\/\/turknotik.com\/en\/wp-content\/uploads\/2018\/06\/sea-taxi-2_452-768x546.jpg 768w\" sizes=\"auto, (max-width: 800px) 100vw, 800px\" \/>                <div class=\"overlay\" style=\"background-color:rgba(212, 235, 217, 0.77)\"><\/div>                                <\/div>\n            <\/div><!-- box-image -->\n            <div class=\"box-text text-center is-small\">\n                  <div class=\"box-text-inner\">\n                      <h6 class=\"uppercase portfolio-box-title\">Sea Tax\u0131 2<\/h6>\n                      <p class=\"uppercase portfolio-box-category is-xsmall op-6\">\n                        <span class=\"show-on-hover\">\n                         ___                        <\/span>\n                      <\/p>\n                  <\/div><!-- box-text-inner -->\n            <\/div><!-- box-text -->\n           <\/div><!-- .box  -->\n           <\/a>\n           <\/div><!-- .col-inner -->\n           <\/div><!-- .col -->\n                    <div class=\"col\" data-id=\"___\" >\n          <div class=\"col-inner\" >\n          <a href=\"https:\/\/turknotik.com\/en\/desings\/commercial\/sea-ambulance-35\/\" class=\"plain \">\n          <div class=\"portfolio-box box has-hover box-overlay dark\">\n            <div class=\"box-image\">\n                <div class=\"image-overlay-remove image-cover\"style=\"padding-top:56.25%;\">\n                <img loading=\"lazy\" decoding=\"async\" width=\"800\" height=\"500\" src=\"https:\/\/turknotik.com\/en\/wp-content\/uploads\/2018\/07\/sea-ambulance-35-1.jpg\" class=\"attachment-large size-large\" alt=\"\" srcset=\"https:\/\/turknotik.com\/en\/wp-content\/uploads\/2018\/07\/sea-ambulance-35-1.jpg 800w, https:\/\/turknotik.com\/en\/wp-content\/uploads\/2018\/07\/sea-ambulance-35-1-300x188.jpg 300w, https:\/\/turknotik.com\/en\/wp-content\/uploads\/2018\/07\/sea-ambulance-35-1-768x480.jpg 768w\" sizes=\"auto, (max-width: 800px) 100vw, 800px\" \/>                <div class=\"overlay\" style=\"background-color:rgba(212, 235, 217, 0.77)\"><\/div>                                <\/div>\n            <\/div><!-- box-image -->\n            <div class=\"box-text text-center is-small\">\n                  <div class=\"box-text-inner\">\n                      <h6 class=\"uppercase portfolio-box-title\">Sea Ambulance 36<\/h6>\n                      <p class=\"uppercase portfolio-box-category is-xsmall op-6\">\n                        <span class=\"show-on-hover\">\n                         ___                        <\/span>\n                      <\/p>\n                  <\/div><!-- box-text-inner -->\n            <\/div><!-- box-text -->\n           <\/div><!-- .box  -->\n           <\/a>\n           <\/div><!-- .col-inner -->\n           <\/div><!-- .col -->\n                    <div class=\"col\" data-id=\"___\" >\n          <div class=\"col-inner\" >\n          <a href=\"https:\/\/turknotik.com\/en\/desings\/commercial\/restaurant-65-2\/\" class=\"plain \">\n          <div class=\"portfolio-box box has-hover box-overlay dark\">\n            <div class=\"box-image\">\n                <div class=\"image-overlay-remove image-cover\"style=\"padding-top:56.25%;\">\n                <img loading=\"lazy\" decoding=\"async\" width=\"800\" height=\"569\" src=\"https:\/\/turknotik.com\/en\/wp-content\/uploads\/2018\/06\/restaurant-boat-10-09-2018.png\" class=\"attachment-large size-large\" alt=\"\" srcset=\"https:\/\/turknotik.com\/en\/wp-content\/uploads\/2018\/06\/restaurant-boat-10-09-2018.png 800w, https:\/\/turknotik.com\/en\/wp-content\/uploads\/2018\/06\/restaurant-boat-10-09-2018-300x213.png 300w, https:\/\/turknotik.com\/en\/wp-content\/uploads\/2018\/06\/restaurant-boat-10-09-2018-768x546.png 768w\" sizes=\"auto, (max-width: 800px) 100vw, 800px\" \/>                <div class=\"overlay\" style=\"background-color:rgba(212, 235, 217, 0.77)\"><\/div>                                <\/div>\n            <\/div><!-- box-image -->\n            <div class=\"box-text text-center is-small\">\n                  <div class=\"box-text-inner\">\n                      <h6 class=\"uppercase portfolio-box-title\">Restaurant 65<\/h6>\n                      <p class=\"uppercase portfolio-box-category is-xsmall op-6\">\n                        <span class=\"show-on-hover\">\n                         ___                        <\/span>\n                      <\/p>\n                  <\/div><!-- box-text-inner -->\n            <\/div><!-- box-text -->\n           <\/div><!-- .box  -->\n           <\/a>\n           <\/div><!-- .col-inner -->\n           <\/div><!-- .col -->\n                    <div class=\"col\" data-id=\"___\" >\n          <div class=\"col-inner\" >\n          <a href=\"https:\/\/turknotik.com\/en\/desings\/commercial\/inebolu-kayigi-29\/\" class=\"plain \">\n          <div class=\"portfolio-box box has-hover box-overlay dark\">\n            <div class=\"box-image\">\n                <div class=\"image-overlay-remove image-cover\"style=\"padding-top:56.25%;\">\n                <img loading=\"lazy\" decoding=\"async\" width=\"800\" height=\"500\" src=\"https:\/\/turknotik.com\/en\/wp-content\/uploads\/2018\/06\/inebolu_kayigi_29-001.jpg\" class=\"attachment-large size-large\" alt=\"\" srcset=\"https:\/\/turknotik.com\/en\/wp-content\/uploads\/2018\/06\/inebolu_kayigi_29-001.jpg 800w, https:\/\/turknotik.com\/en\/wp-content\/uploads\/2018\/06\/inebolu_kayigi_29-001-300x188.jpg 300w, https:\/\/turknotik.com\/en\/wp-content\/uploads\/2018\/06\/inebolu_kayigi_29-001-768x480.jpg 768w\" sizes=\"auto, (max-width: 800px) 100vw, 800px\" \/>                <div class=\"overlay\" style=\"background-color:rgba(212, 235, 217, 0.77)\"><\/div>                                <\/div>\n            <\/div><!-- box-image -->\n            <div class=\"box-text text-center is-small\">\n                  <div class=\"box-text-inner\">\n                      <h6 class=\"uppercase portfolio-box-title\">\u0130nebolu Kay\u0131\u011f\u0131 29<\/h6>\n                      <p class=\"uppercase portfolio-box-category is-xsmall op-6\">\n                        <span class=\"show-on-hover\">\n                         ___                        <\/span>\n                      <\/p>\n                  <\/div><!-- box-text-inner -->\n            <\/div><!-- box-text -->\n           <\/div><!-- .box  -->\n           <\/a>\n           <\/div><!-- .col-inner -->\n           <\/div><!-- .col -->\n                    <div class=\"col\" data-id=\"___\" >\n          <div class=\"col-inner\" >\n          <a href=\"https:\/\/turknotik.com\/en\/desings\/commercial\/express-ferry-cat-66\/\" class=\"plain \">\n          <div class=\"portfolio-box box has-hover box-overlay dark\">\n            <div class=\"box-image\">\n                <div class=\"image-overlay-remove image-cover\"style=\"padding-top:56.25%;\">\n                <img loading=\"lazy\" decoding=\"async\" width=\"800\" height=\"569\" src=\"https:\/\/turknotik.com\/en\/wp-content\/uploads\/2018\/09\/sea-dolmush-09-2018-1.jpg\" class=\"attachment-large size-large\" alt=\"\" srcset=\"https:\/\/turknotik.com\/en\/wp-content\/uploads\/2018\/09\/sea-dolmush-09-2018-1.jpg 800w, https:\/\/turknotik.com\/en\/wp-content\/uploads\/2018\/09\/sea-dolmush-09-2018-1-300x213.jpg 300w, https:\/\/turknotik.com\/en\/wp-content\/uploads\/2018\/09\/sea-dolmush-09-2018-1-768x546.jpg 768w\" sizes=\"auto, (max-width: 800px) 100vw, 800px\" \/>                <div class=\"overlay\" style=\"background-color:rgba(212, 235, 217, 0.77)\"><\/div>                                <\/div>\n            <\/div><!-- box-image -->\n            <div class=\"box-text text-center is-small\">\n                  <div class=\"box-text-inner\">\n                      <h6 class=\"uppercase portfolio-box-title\">Express Ferry Cat 66<\/h6>\n                      <p class=\"uppercase portfolio-box-category is-xsmall op-6\">\n                        <span class=\"show-on-hover\">\n                         ___                        <\/span>\n                      <\/p>\n                  <\/div><!-- box-text-inner -->\n            <\/div><!-- box-text -->\n           <\/div><!-- .box  -->\n           <\/a>\n           <\/div><!-- .col-inner -->\n           <\/div><!-- .col -->\n                    <div class=\"col\" data-id=\"___\" >\n          <div class=\"col-inner\" >\n          <a href=\"https:\/\/turknotik.com\/en\/desings\/commercial\/double-ender-ferry-cat-190\/\" class=\"plain \">\n          <div class=\"portfolio-box box has-hover box-overlay dark\">\n            <div class=\"box-image\">\n                <div class=\"image-overlay-remove image-cover\"style=\"padding-top:56.25%;\">\n                <img loading=\"lazy\" decoding=\"async\" width=\"800\" height=\"569\" src=\"https:\/\/turknotik.com\/en\/wp-content\/uploads\/2018\/09\/double-ender-ferry-cat-190_452.jpg\" class=\"attachment-large size-large\" alt=\"\" srcset=\"https:\/\/turknotik.com\/en\/wp-content\/uploads\/2018\/09\/double-ender-ferry-cat-190_452.jpg 800w, https:\/\/turknotik.com\/en\/wp-content\/uploads\/2018\/09\/double-ender-ferry-cat-190_452-300x213.jpg 300w, https:\/\/turknotik.com\/en\/wp-content\/uploads\/2018\/09\/double-ender-ferry-cat-190_452-768x546.jpg 768w\" sizes=\"auto, (max-width: 800px) 100vw, 800px\" \/>                <div class=\"overlay\" style=\"background-color:rgba(212, 235, 217, 0.77)\"><\/div>                                <\/div>\n            <\/div><!-- box-image -->\n            <div class=\"box-text text-center is-small\">\n                  <div class=\"box-text-inner\">\n                      <h6 class=\"uppercase portfolio-box-title\">Double Ender Ferry Cat 190<\/h6>\n                      <p class=\"uppercase portfolio-box-category is-xsmall op-6\">\n                        <span class=\"show-on-hover\">\n                         ___                        <\/span>\n                      <\/p>\n                  <\/div><!-- box-text-inner -->\n            <\/div><!-- box-text -->\n           <\/div><!-- .box  -->\n           <\/a>\n           <\/div><!-- .col-inner -->\n           <\/div><!-- .col -->\n                    <div class=\"col\" data-id=\"___\" >\n          <div class=\"col-inner\" >\n          <a href=\"https:\/\/turknotik.com\/en\/desings\/commercial\/double-ender-ferry-cat-150\/\" class=\"plain \">\n          <div class=\"portfolio-box box has-hover box-overlay dark\">\n            <div class=\"box-image\">\n                <div class=\"image-overlay-remove image-cover\"style=\"padding-top:56.25%;\">\n                <img loading=\"lazy\" decoding=\"async\" width=\"800\" height=\"500\" src=\"https:\/\/turknotik.com\/en\/wp-content\/uploads\/2018\/07\/double-ender-ferry-cat-150-31.jpg\" class=\"attachment-large size-large\" alt=\"\" srcset=\"https:\/\/turknotik.com\/en\/wp-content\/uploads\/2018\/07\/double-ender-ferry-cat-150-31.jpg 800w, https:\/\/turknotik.com\/en\/wp-content\/uploads\/2018\/07\/double-ender-ferry-cat-150-31-300x188.jpg 300w, https:\/\/turknotik.com\/en\/wp-content\/uploads\/2018\/07\/double-ender-ferry-cat-150-31-768x480.jpg 768w\" sizes=\"auto, (max-width: 800px) 100vw, 800px\" \/>                <div class=\"overlay\" style=\"background-color:rgba(212, 235, 217, 0.77)\"><\/div>                                <\/div>\n            <\/div><!-- box-image -->\n            <div class=\"box-text text-center is-small\">\n                  <div class=\"box-text-inner\">\n                      <h6 class=\"uppercase portfolio-box-title\">Double Ender Ferry Cat 150<\/h6>\n                      <p class=\"uppercase portfolio-box-category is-xsmall op-6\">\n                        <span class=\"show-on-hover\">\n                         ___                        <\/span>\n                      <\/p>\n                  <\/div><!-- box-text-inner -->\n            <\/div><!-- box-text -->\n           <\/div><!-- .box  -->\n           <\/a>\n           <\/div><!-- .col-inner -->\n           <\/div><!-- .col -->\n                    <div class=\"col\" data-id=\"___\" >\n          <div class=\"col-inner\" >\n          <a href=\"https:\/\/turknotik.com\/en\/desings\/commercial\/ituma-recreational-craft\/\" class=\"plain \">\n          <div class=\"portfolio-box box has-hover box-overlay dark\">\n            <div class=\"box-image\">\n                <div class=\"image-overlay-remove image-cover\"style=\"padding-top:56.25%;\">\n                <img loading=\"lazy\" decoding=\"async\" width=\"800\" height=\"531\" src=\"https:\/\/turknotik.com\/en\/wp-content\/uploads\/2020\/05\/ituma-5-Kopya.jpg\" class=\"attachment-large size-large\" alt=\"\" srcset=\"https:\/\/turknotik.com\/en\/wp-content\/uploads\/2020\/05\/ituma-5-Kopya.jpg 800w, https:\/\/turknotik.com\/en\/wp-content\/uploads\/2020\/05\/ituma-5-Kopya-300x199.jpg 300w, https:\/\/turknotik.com\/en\/wp-content\/uploads\/2020\/05\/ituma-5-Kopya-768x510.jpg 768w\" sizes=\"auto, (max-width: 800px) 100vw, 800px\" \/>                <div class=\"overlay\" style=\"background-color:rgba(212, 235, 217, 0.77)\"><\/div>                                <\/div>\n            <\/div><!-- box-image -->\n            <div class=\"box-text text-center is-small\">\n                  <div class=\"box-text-inner\">\n                      <h6 class=\"uppercase portfolio-box-title\">\u201cITUMA\u201d Recreat\u0131onal Craft<\/h6>\n                      <p class=\"uppercase portfolio-box-category is-xsmall op-6\">\n                        <span class=\"show-on-hover\">\n                         ___                        <\/span>\n                      <\/p>\n                  <\/div><!-- box-text-inner -->\n            <\/div><!-- box-text -->\n           <\/div><!-- .box  -->\n           <\/a>\n           <\/div><!-- .col-inner -->\n           <\/div><!-- .col -->\n                    <div class=\"col\" data-id=\"___\" >\n          <div class=\"col-inner\" >\n          <a href=\"https:\/\/turknotik.com\/en\/desings\/commercial\/mussel-harvester-74\/\" class=\"plain \">\n          <div class=\"portfolio-box box has-hover box-overlay dark\">\n            <div class=\"box-image\">\n                <div class=\"image-overlay-remove image-cover\"style=\"padding-top:56.25%;\">\n                <img loading=\"lazy\" decoding=\"async\" width=\"1000\" height=\"562\" src=\"https:\/\/turknotik.com\/en\/wp-content\/uploads\/2021\/10\/Mussel-Harvester-74-2.jpg\" class=\"attachment-large size-large\" alt=\"\" srcset=\"https:\/\/turknotik.com\/en\/wp-content\/uploads\/2021\/10\/Mussel-Harvester-74-2.jpg 1000w, https:\/\/turknotik.com\/en\/wp-content\/uploads\/2021\/10\/Mussel-Harvester-74-2-300x169.jpg 300w, https:\/\/turknotik.com\/en\/wp-content\/uploads\/2021\/10\/Mussel-Harvester-74-2-768x432.jpg 768w\" sizes=\"auto, (max-width: 1000px) 100vw, 1000px\" \/>                <div class=\"overlay\" style=\"background-color:rgba(212, 235, 217, 0.77)\"><\/div>                                <\/div>\n            <\/div><!-- box-image -->\n            <div class=\"box-text text-center is-small\">\n                  <div class=\"box-text-inner\">\n                      <h6 class=\"uppercase portfolio-box-title\">Mussel Harvester 74<\/h6>\n                      <p class=\"uppercase portfolio-box-category is-xsmall op-6\">\n                        <span class=\"show-on-hover\">\n                         ___                        <\/span>\n                      <\/p>\n                  <\/div><!-- box-text-inner -->\n            <\/div><!-- box-text -->\n           <\/div><!-- .box  -->\n           <\/a>\n           <\/div><!-- .col-inner -->\n           <\/div><!-- .col -->\n          <\/div><\/div>\n<style scope=\"scope\">\n\n<\/style>\n\n","protected":false},"excerpt":{"rendered":"","protected":false},"author":1,"featured_media":0,"parent":0,"menu_order":0,"comment_status":"closed","ping_status":"closed","template":"page-blank.php","meta":{"footnotes":""},"class_list":["post-301","page","type-page","status-publish","hentry"],"_links":{"self":[{"href":"https:\/\/turknotik.com\/en\/wp-json\/wp\/v2\/pages\/301","targetHints":{"allow":["GET"]}}],"collection":[{"href":"https:\/\/turknotik.com\/en\/wp-json\/wp\/v2\/pages"}],"about":[{"href":"https:\/\/turknotik.com\/en\/wp-json\/wp\/v2\/types\/page"}],"author":[{"embeddable":true,"href":"https:\/\/turknotik.com\/en\/wp-json\/wp\/v2\/users\/1"}],"replies":[{"embeddable":true,"href":"https:\/\/turknotik.com\/en\/wp-json\/wp\/v2\/comments?post=301"}],"version-history":[{"count":12,"href":"https:\/\/turknotik.com\/en\/wp-json\/wp\/v2\/pages\/301\/revisions"}],"predecessor-version":[{"id":650,"href":"https:\/\/turknotik.com\/en\/wp-json\/wp\/v2\/pages\/301\/revisions\/650"}],"wp:attachment":[{"href":"https:\/\/turknotik.com\/en\/wp-json\/wp\/v2\/media?parent=301"}],"curies":[{"name":"wp","href":"https:\/\/api.w.org\/{rel}","templated":true}]}}