{"id":26,"date":"2018-05-05T10:29:03","date_gmt":"2018-05-05T07:29:03","guid":{"rendered":"http:\/\/turknotik.com\/en\/?page_id=26"},"modified":"2021-04-17T20:44:27","modified_gmt":"2021-04-17T17:44:27","slug":"about","status":"publish","type":"page","link":"https:\/\/turknotik.com\/en\/about\/","title":{"rendered":"About"},"content":{"rendered":"  <div id=\"page-header-783859194\" class=\"page-header-wrapper\">\n  <div class=\"page-title dark featured-title\">\n\n        <div class=\"page-title-bg\">\n      <div class=\"title-bg fill bg-fill\"\n        data-parallax-container=\".page-title\"\n        data-parallax-background\n        data-parallax=\"-\">\n      <\/div>\n      <div class=\"title-overlay fill\"><\/div>\n    <\/div>\n    \n    <div class=\"page-title-inner container align-center flex-row medium-flex-wrap\" >\n              <div class=\"title-wrapper flex-col text-left medium-text-center\">\n          <h1 class=\"entry-title mb-0\">\n            About          <\/h1>\n        <\/div>\n                    <div class=\"title-content flex-col flex-right text-right medium-text-center\">\n        <div class=\"title-breadcrumbs pb-half pt-half\"><\/div>      <\/div>\n    <\/div><!-- flex-row -->\n\n     \n<style scope=\"scope\">\n\n#page-header-783859194 .page-title-inner {\n  min-height: 275px;\n}\n#page-header-783859194 .title-bg {\n  background-image: url(https:\/\/turknotik.com\/en\/wp-content\/uploads\/2018\/06\/turknotik-ust-banner.png);\n  background-position: 100% 56%;\n}\n<\/style>\n  <\/div><!-- .page-title -->\n    <\/div><!-- .page-header-wrapper -->\n  \n<div class=\"gap-element\" style=\"display:block; height:auto; padding-top:30px\" class=\"clearfix\"><\/div>\n<div class=\"row\"  id=\"row-1103591831\">\n<div class=\"col small-12 large-12\"  ><div class=\"col-inner\"  >\n<p>T\u00fcrknotik is a design studio, mainly specialized in yacht design as well as other marine vessels.<\/p>\n<p>Actually, we prefer to say \u201cNautical Design\u201d to our governor work frame which covers the architectural and engineering design facilities both for all kind of marine vessels. Like this inter-disciplinary work frame, our team formed by designers and engineers with strong academic and practical backgrounds. As a strong supporter of objective science, our ethical approach is always searching for the best solution without any prejudice thinking and provide the most up-to-date service for styling, interior design, naval architecture, project management and consultancy.<\/p>\n<p>We proudly announce that, T\u00fcrknotik excluding the various kind of design and completed projects, having transferred its accumulated wisdom to the realm of education, has laid the groundwork for the establishment of a new branch of science.<\/p>\n<p>That is our difference: The responsibility of leadership!<\/p>\n<p>Through this interdisciplinary vision, our approachment is to focus on the big picture, methodically and repeatedly going through every element of the process. Every single detail has minor or major importance in the whole project. Marine vessels have design and engineering layers and we could easily feel these two layers at same time with such as the beautiful exterior design with high seakeeping performance or cozy interior design with high efficient hull design, etc.<\/p>\n<div class=\"is-divider divider clearfix\" style=\"max-width:100%;\"><\/div><!-- .divider -->\n<div class=\"row\"  id=\"row-850117264\">\n<div class=\"col medium-6 small-12 large-6\"  ><div class=\"col-inner\"  >\n<h3><strong>Styling &amp; Exterior Design<\/strong><\/h3>\n<p><b>&#8211;<\/b> Concept design<\/p>\n<p><b>&#8211;<\/b> 3D modelling, rendering &amp; video presentations<\/p>\n<p><b>&#8211;<\/b> Brochure &amp; Public Relation management for brand new nautical companies<\/p>\n<\/div><\/div>\n<div class=\"col medium-6 small-12 large-6\"  ><div class=\"col-inner\"  >\n\t<div class=\"img has-hover x md-x lg-x y md-y lg-y\" id=\"image_1993435434\">\n\t\t\t\t\t\t\t\t<div class=\"img-inner box-shadow-2 dark\" >\n\t\t\t<img loading=\"lazy\" decoding=\"async\" width=\"800\" height=\"500\" src=\"https:\/\/turknotik.com\/en\/wp-content\/uploads\/2018\/07\/turknotik-about-us-123.jpg\" class=\"attachment-large size-large\" alt=\"\" srcset=\"https:\/\/turknotik.com\/en\/wp-content\/uploads\/2018\/07\/turknotik-about-us-123.jpg 800w, https:\/\/turknotik.com\/en\/wp-content\/uploads\/2018\/07\/turknotik-about-us-123-300x188.jpg 300w, https:\/\/turknotik.com\/en\/wp-content\/uploads\/2018\/07\/turknotik-about-us-123-768x480.jpg 768w\" sizes=\"auto, (max-width: 800px) 100vw, 800px\" \/>\t\t\t\t\t\t\n\t\t\t\t\t<\/div>\n\t\t\t\t\t\t\t\t\n<style scope=\"scope\">\n\n#image_1993435434 {\n  width: 100%;\n}\n<\/style>\n\t<\/div>\n\t\n<\/div><\/div>\n<\/div>\n<div class=\"text-center\"><div class=\"is-divider divider clearfix\" style=\"max-width:50%;height:1px;\"><\/div><\/div><!-- .divider -->\n<div class=\"row\"  id=\"row-248380157\">\n<div class=\"col medium-6 small-12 large-6\"  ><div class=\"col-inner\"  >\n<h3><strong>Interior Design<\/strong><\/h3>\n<p><b>&#8211;<\/b> Concept design<\/p>\n<p><b>&#8211;<\/b> Mood-board presentation<\/p>\n<p><b>&#8211;<\/b> 3D Interior design and renderings<\/p>\n<p><b>&#8211;<\/b> Furniture design<\/p>\n<p><b>&#8211;<\/b> Detail interior design and production drawings<\/p>\n<\/div><\/div>\n<div class=\"col medium-6 small-12 large-6\"  ><div class=\"col-inner\"  >\n\t<div class=\"img has-hover x md-x lg-x y md-y lg-y\" id=\"image_2018756862\">\n\t\t\t\t\t\t\t\t<div class=\"img-inner box-shadow-2 dark\" >\n\t\t\t<img loading=\"lazy\" decoding=\"async\" width=\"1020\" height=\"658\" src=\"https:\/\/turknotik.com\/en\/wp-content\/uploads\/2018\/05\/about-pic-interior-design-1024x661.jpg\" class=\"attachment-large size-large\" alt=\"\" srcset=\"https:\/\/turknotik.com\/en\/wp-content\/uploads\/2018\/05\/about-pic-interior-design-1024x661.jpg 1024w, https:\/\/turknotik.com\/en\/wp-content\/uploads\/2018\/05\/about-pic-interior-design-300x194.jpg 300w, https:\/\/turknotik.com\/en\/wp-content\/uploads\/2018\/05\/about-pic-interior-design-768x496.jpg 768w, https:\/\/turknotik.com\/en\/wp-content\/uploads\/2018\/05\/about-pic-interior-design.jpg 1600w\" sizes=\"auto, (max-width: 1020px) 100vw, 1020px\" \/>\t\t\t\t\t\t\n\t\t\t\t\t<\/div>\n\t\t\t\t\t\t\t\t\n<style scope=\"scope\">\n\n#image_2018756862 {\n  width: 100%;\n}\n<\/style>\n\t<\/div>\n\t\n<\/div><\/div>\n<\/div>\n<div class=\"text-center\"><div class=\"is-divider divider clearfix\" style=\"max-width:50%;height:1px;\"><\/div><\/div><!-- .divider -->\n<div class=\"row\"  id=\"row-767848567\">\n<div class=\"col medium-6 small-12 large-6\"  ><div class=\"col-inner\"  >\n<h3>Naval Architecture<\/h3>\n<p><b>&#8211;<\/b> Main Dimension design and optimization<\/p>\n<p><b>&#8211;<\/b> General Arrangement Design<\/p>\n<p><b>&#8211;<\/b> Sailing Plan Calculations<\/p>\n<p><b>&#8211;<\/b> Hull Design and Optimization<\/p>\n<p><b>&#8211;<\/b> Power, Speed and Range Calculations<\/p>\n<p><b>&#8211;<\/b> Hydrostatic and Stability Calculations<\/p>\n<p><b>&#8211;<\/b> Stability Booklet and Inclining Test Service<\/p>\n<p><b>&#8211;<\/b> FEM (Finite Element Methods) Calculations<\/p>\n<p><b>&#8211;<\/b> Construction design and optimization<\/p>\n<p><b>&#8211;<\/b> Production Drawings<\/p>\n<p><b>&#8211;<\/b> Nesting Drawings<\/p>\n<p><b>&#8211;<\/b> Class register drawings<\/p>\n<p><b>&#8211;<\/b> CFD (Computational Fluid Dynamics) Calculations<\/p>\n<\/div><\/div>\n<div class=\"col medium-6 small-12 large-6\"  ><div class=\"col-inner\"  >\n\t<div class=\"img has-hover x md-x lg-x y md-y lg-y\" id=\"image_1291037708\">\n\t\t\t\t\t\t\t\t<div class=\"img-inner box-shadow-2 dark\" >\n\t\t\t<img loading=\"lazy\" decoding=\"async\" width=\"800\" height=\"500\" src=\"https:\/\/turknotik.com\/en\/wp-content\/uploads\/2018\/07\/turknotik-about-us-223.jpg\" class=\"attachment-large size-large\" alt=\"\" srcset=\"https:\/\/turknotik.com\/en\/wp-content\/uploads\/2018\/07\/turknotik-about-us-223.jpg 800w, https:\/\/turknotik.com\/en\/wp-content\/uploads\/2018\/07\/turknotik-about-us-223-300x188.jpg 300w, https:\/\/turknotik.com\/en\/wp-content\/uploads\/2018\/07\/turknotik-about-us-223-768x480.jpg 768w\" sizes=\"auto, (max-width: 800px) 100vw, 800px\" \/>\t\t\t\t\t\t\n\t\t\t\t\t<\/div>\n\t\t\t\t\t\t\t\t\n<style scope=\"scope\">\n\n#image_1291037708 {\n  width: 100%;\n}\n<\/style>\n\t<\/div>\n\t\n<\/div><\/div>\n<\/div>\n<div class=\"is-divider divider clearfix\" style=\"max-width:100%;\"><\/div><!-- .divider -->\n<p><strong>Mehmet Aziz G\u00d6KSEL, Asst. Prof. Dr.<\/strong><\/p>\n<p>Primary and Secondary School: TED Ankara Koleji, Ankara<\/p>\n<p>BS: Interior Architecture, MSGS\u00dc, \u0130stanbul<\/p>\n<p>MSc: Yacht Design, Istituto Quasar, Roma<\/p>\n<p>MA: Visual Communication Design, \u0130BU, \u0130stanbul<\/p>\n<p>DA: Interior Architecture, MSGS\u00dc, \u0130stanbul<\/p>\n<p>T\u00fcrkiye\u2019s first yacht designer with a graduate degree and more than twenty design registers. He founded the design office T\u00fcrknotik in 2000. Took additional courses from Y\u0131ld\u0131z Teknik \u00dcniversitesi, Naval Architecture and Marine Engineering, Undergraduate Program (1997 \u2013 1998) and MSGSU Industrial Product Design PhD Program (2009 \u2013 2010). \u00a0His master thesis \u201cMegayacht Image\u201d, became the first academic research upon megayachts in Turkey. Gave his doctorate (DA) thesis that defends \u201cNautical Design is an independent technical discipline\u201d. Concluded his military service with the Mar. Eng. Ensign. rank in the Turkish Navy, \u0130STERSKOM Boat Design Branch Office. Worked as a designer in various shipyards and as an instructor in universities. Founded in 2009 \u201cthe world\u2019s first naval and nautical design undergraduate program\u201d in Maltepe \u00dcniversitesi, where he served as the founder chair, until 2014. Made publications regarding interdisciplinarity and design education; gave interviews, held panels and conferences. Directed more than 100 school projects, including \u201cmilitary, ocean going cruising and commercial fishing vesslels\u201d. Owns his production company \u201cLupa Yachts\u201d since 2016. He\u2019s very much interested in linguistics and communicates in different levels in several languages such as English, French, Russian, Italian and Spanish. Mehmet is dealing with semiotics, maritime history and politics vocationally.<\/p>\n<div class=\"is-divider divider clearfix\" style=\"max-width:100%;\"><\/div><!-- .divider -->\n<p>&nbsp;<\/p>\n<div class=\"row\"  id=\"row-910042212\">\n<div class=\"col small-12 large-12\"  ><div class=\"col-inner\"  >\n<h3 style=\"text-align: center;\">Various Academic Projects Directed<\/h3>\n<div class=\"row\"  id=\"row-216149579\">\n<div class=\"col medium-6 small-12 large-6\"  ><div class=\"col-inner\"  >\n<div class=\"video video-fit mb\" style=\"padding-top:56.25%;\"><p><iframe loading=\"lazy\" width=\"1020\" height=\"574\" src=\"https:\/\/www.youtube.com\/embed\/AxG2zHhOPi8?feature=oembed\" frameborder=\"0\" allow=\"autoplay; encrypted-media\" allowfullscreen><\/iframe><\/p>\n<\/div>\n<div class=\"video video-fit mb\" style=\"padding-top:56.25%;\"><p><iframe loading=\"lazy\" width=\"1020\" height=\"574\" src=\"https:\/\/www.youtube.com\/embed\/6TShCVG2FA8?feature=oembed\" frameborder=\"0\" allow=\"autoplay; encrypted-media\" allowfullscreen><\/iframe><\/p>\n<\/div>\n<div class=\"video video-fit mb\" style=\"padding-top:56.25%;\"><p><iframe loading=\"lazy\" width=\"1020\" height=\"574\" src=\"https:\/\/www.youtube.com\/embed\/V4Ft2yPiZT0?feature=oembed\" frameborder=\"0\" allow=\"autoplay; encrypted-media\" allowfullscreen><\/iframe><\/p>\n<\/div>\n<\/div><\/div>\n<div class=\"col medium-6 small-12 large-6\"  ><div class=\"col-inner\"  >\n<div class=\"video video-fit mb\" style=\"padding-top:56.25%;\"><p><iframe loading=\"lazy\" width=\"1020\" height=\"765\" src=\"https:\/\/www.youtube.com\/embed\/kbwEk4ibNQs?feature=oembed\" frameborder=\"0\" allow=\"autoplay; encrypted-media\" allowfullscreen><\/iframe><\/p>\n<\/div>\n<div class=\"video video-fit mb\" style=\"padding-top:56.25%;\"><p><iframe loading=\"lazy\" width=\"1020\" height=\"574\" src=\"https:\/\/www.youtube.com\/embed\/wCLyvMa9B70?feature=oembed\" frameborder=\"0\" allow=\"autoplay; encrypted-media\" allowfullscreen><\/iframe><\/p>\n<\/div>\n<div class=\"video video-fit mb\" style=\"padding-top:56.25%;\"><p><iframe loading=\"lazy\" width=\"1020\" height=\"765\" src=\"https:\/\/www.youtube.com\/embed\/5hCG6eAIlNw?feature=oembed\" frameborder=\"0\" allow=\"autoplay; encrypted-media\" allowfullscreen><\/iframe><\/p>\n<\/div>\n<\/div><\/div>\n<\/div>\n<\/div><\/div>\n<\/div>\n<\/div><\/div>\n<\/div>\n","protected":false},"excerpt":{"rendered":"","protected":false},"author":1,"featured_media":759,"parent":0,"menu_order":0,"comment_status":"closed","ping_status":"closed","template":"page-blank.php","meta":{"footnotes":""},"class_list":["post-26","page","type-page","status-publish","has-post-thumbnail","hentry"],"_links":{"self":[{"href":"https:\/\/turknotik.com\/en\/wp-json\/wp\/v2\/pages\/26","targetHints":{"allow":["GET"]}}],"collection":[{"href":"https:\/\/turknotik.com\/en\/wp-json\/wp\/v2\/pages"}],"about":[{"href":"https:\/\/turknotik.com\/en\/wp-json\/wp\/v2\/types\/page"}],"author":[{"embeddable":true,"href":"https:\/\/turknotik.com\/en\/wp-json\/wp\/v2\/users\/1"}],"replies":[{"embeddable":true,"href":"https:\/\/turknotik.com\/en\/wp-json\/wp\/v2\/comments?post=26"}],"version-history":[{"count":44,"href":"https:\/\/turknotik.com\/en\/wp-json\/wp\/v2\/pages\/26\/revisions"}],"predecessor-version":[{"id":1306,"href":"https:\/\/turknotik.com\/en\/wp-json\/wp\/v2\/pages\/26\/revisions\/1306"}],"wp:featuredmedia":[{"embeddable":true,"href":"https:\/\/turknotik.com\/en\/wp-json\/wp\/v2\/media\/759"}],"wp:attachment":[{"href":"https:\/\/turknotik.com\/en\/wp-json\/wp\/v2\/media?parent=26"}],"curies":[{"name":"wp","href":"https:\/\/api.w.org\/{rel}","templated":true}]}}